{"id":7,"date":"2018-03-12T09:55:09","date_gmt":"2018-03-12T09:55:09","guid":{"rendered":"http:\/\/bridge180.qodeinteractive.com\/?page_id=7"},"modified":"2024-11-22T16:11:00","modified_gmt":"2024-11-22T15:11:00","slug":"home","status":"publish","type":"page","link":"https:\/\/dariahalak.com\/","title":{"rendered":"Strona g\u0142\u00f3wna"},"content":{"rendered":"<p>[vc_row css_animation=&#8221;&#8221; row_type=&#8221;row&#8221; use_row_as_full_screen_section=&#8221;no&#8221; type=&#8221;full_width&#8221; angled_section=&#8221;no&#8221; text_align=&#8221;left&#8221; background_image_as_pattern=&#8221;without_pattern&#8221;][vc_column][vc_gallery type=&#8221;nivo&#8221; interval=&#8221;3&#8243; images=&#8221;199,397,186&#8243; img_size=&#8221;full&#8221; onclick=&#8221;&#8221;][\/vc_column][\/vc_row][vc_row css_animation=&#8221;&#8221; row_type=&#8221;row&#8221; use_row_as_full_screen_section=&#8221;no&#8221; type=&#8221;full_width&#8221; angled_section=&#8221;no&#8221; text_align=&#8221;left&#8221; background_image_as_pattern=&#8221;without_pattern&#8221; padding_bottom=&#8221;127&#8243; css=&#8221;.vc_custom_1520861302876{background-color: #010101 !important;}&#8221; z_index=&#8221;&#8221;][vc_column offset=&#8221;vc_col-md-6&#8243;][qode_elements_holder number_of_columns=&#8221;one_column&#8221;][qode_elements_holder_item advanced_animations=&#8221;no&#8221; item_padding=&#8221;509px 188px 0 291px&#8221; item_padding_1280_1440=&#8221;296px 124px 0 129px&#8221; item_padding_1024_1280=&#8221;275px 124px 0 85px&#8221; item_padding_768_1024=&#8221;292px 0px 0 72px&#8221; item_padding_600_768=&#8221;93px 215px 0 72px&#8221; item_padding_480_600=&#8221;80px 35px 0 35px&#8221; item_padding_480=&#8221;80px 35px 0 35px&#8221;][vc_column_text]<\/p>\n<h1>Daria Halak<\/h1>\n<h1>ARTYSTKA<\/h1>\n<p>[\/vc_column_text][vc_empty_space height=&#8221;19px&#8221;][vc_column_text]Daria Halak (ur. 1987) &#8211; artystka, fotografka, re\u017cyserka, scenarzystka. Specjalizuje si\u0119 w fotografii czarno-bia\u0142ej. Wykonuje zdj\u0119cia artystyczne oraz dokumentalne. Jej fotografie zyska\u0142y uznanie i s\u0105 sprzedawane do autorskich kolekcji oraz nagradzane w mi\u0119dzynarodowych konkursach,\u00a0 tj. FINE ART PHOTOGRAPHIE AWARDS (FAPA2020),\u00a0 INTERNATIONAL PHOTOGRAPHY AWARDS (IPA 2019), w kategorii fotografia profesjonalna &#8211; sztuka\/akt. PX3 PRIX DE LA PHOTOGRAPHIE 2017, w kategorii fotografia profesjonalna &#8211; sztuka\/Performing Arts. Jej zdj\u0119cia oraz reporta\u017ce by\u0142y publikowane m.in. w National Geographic, Vogue, Newsweek, KMAG, PolisArt i wielu innych.<\/p>\n<p>W maju 2024 odby\u0142a si\u0119 premiera spektaklu jej autorstwa pt.; &#8220;W\u0142asny (s)pok\u00f3j&#8221; w Teatrze \u00d3smego Dnia w Poznaniu.[\/vc_column_text][vc_column_text][\/vc_column_text][vc_empty_space height=&#8221;34px&#8221;]<a  itemprop=\"url\" href=\"#\" target=\"_self\"  class=\"qbutton  default\" style=\"\">Explore<\/a>[\/qode_elements_holder_item][\/qode_elements_holder][\/vc_column][vc_column css=&#8221;.vc_custom_1520928962926{margin-left: -31px !important;}&#8221; offset=&#8221;vc_col-md-6&#8243;][qode_elements_holder number_of_columns=&#8221;one_column&#8221;][qode_elements_holder_item advanced_animations=&#8221;no&#8221; item_padding=&#8221;72px 192px 0 0&#8243; item_padding_768_1024=&#8221;70px 20px 0 0&#8243; item_padding_600_768=&#8221;70px 20px 0 51px&#8221; item_padding_480_600=&#8221;72px 0px 0 31px&#8221; item_padding_480=&#8221;72px 0px 0 31px&#8221;][vc_single_image image=&#8221;375&#8243; img_size=&#8221;full&#8221; style=&#8221;vc_box_shadow_border_circle_2&#8243; qode_css_animation=&#8221;&#8221;][\/qode_elements_holder_item][\/qode_elements_holder][\/vc_column][\/vc_row][vc_row css_animation=&#8221;&#8221; row_type=&#8221;row&#8221; use_row_as_full_screen_section=&#8221;no&#8221; type=&#8221;full_width&#8221; angled_section=&#8221;no&#8221; text_align=&#8221;left&#8221; background_image_as_pattern=&#8221;without_pattern&#8221;][vc_column]<div class='projects_holder_outer v2 portfolio_no_space portfolio_with_hover_text'><div class='projects_holder portfolio_main_holder clearfix v2 hover_text no_space portfolio_full_image portfolio_one_by_one'>\n<article class='mix portfolio_category_2 ' style=''><div class='image_holder'><a itemprop='url' class='portfolio_link_for_touch' href='https:\/\/dariahalak.com\/index.php\/portfolio_page\/theater-teatr\/' target='_self'><span class='image'><img loading=\"lazy\" decoding=\"async\" width=\"1193\" height=\"1513\" src=\"https:\/\/i0.wp.com\/dariahalak.com\/wp-content\/uploads\/2024\/11\/h.jpg?fit=1193%2C1513&amp;ssl=1\" class=\"attachment-full size-full wp-post-image\" alt=\"\" srcset=\"https:\/\/i0.wp.com\/dariahalak.com\/wp-content\/uploads\/2024\/11\/h.jpg?w=1193&amp;ssl=1 1193w, https:\/\/i0.wp.com\/dariahalak.com\/wp-content\/uploads\/2024\/11\/h.jpg?resize=237%2C300&amp;ssl=1 237w, https:\/\/i0.wp.com\/dariahalak.com\/wp-content\/uploads\/2024\/11\/h.jpg?resize=807%2C1024&amp;ssl=1 807w, https:\/\/i0.wp.com\/dariahalak.com\/wp-content\/uploads\/2024\/11\/h.jpg?resize=768%2C974&amp;ssl=1 768w, https:\/\/i0.wp.com\/dariahalak.com\/wp-content\/uploads\/2024\/11\/h.jpg?resize=700%2C888&amp;ssl=1 700w\" sizes=\"(max-width: 1060px) 100vw, 1060px\" \/><\/span><\/a><span class='text_holder'><span class='text_outer'><span class='text_inner'><div class=\"hover_feature_holder_title\"><div class=\"hover_feature_holder_title_inner\"><h3 itemprop=\"name\" class=\"portfolio_title entry_title\"><a itemprop=\"url\" href=\"https:\/\/dariahalak.com\/index.php\/portfolio_page\/theater-teatr\/\" style=\"color: #ffffff\" target=\"_self\">Theater  \/ Teatr<\/a><\/h3><span class=\"project_category\" style=\"color: #ffffff\">Art Photography<\/span><\/div><\/div><span class='feature_holder'><\/span><\/span><\/span><\/span><\/div><\/article>\n<article class='mix portfolio_category_2 ' style=''><div class='image_holder'><a itemprop='url' class='portfolio_link_for_touch' href='https:\/\/dariahalak.com\/index.php\/portfolio_page\/see-the-extraordinary-2018\/' target='_self'><span class='image'><img loading=\"lazy\" decoding=\"async\" width=\"2650\" height=\"1755\" src=\"https:\/\/i2.wp.com\/dariahalak.com\/wp-content\/uploads\/2018\/03\/SWAN-Plakat-07.jpg?fit=2650%2C1755&amp;ssl=1\" class=\"attachment-full size-full wp-post-image\" alt=\"\" srcset=\"https:\/\/i2.wp.com\/dariahalak.com\/wp-content\/uploads\/2018\/03\/SWAN-Plakat-07.jpg?w=2650&amp;ssl=1 2650w, https:\/\/i2.wp.com\/dariahalak.com\/wp-content\/uploads\/2018\/03\/SWAN-Plakat-07.jpg?resize=300%2C199&amp;ssl=1 300w, https:\/\/i2.wp.com\/dariahalak.com\/wp-content\/uploads\/2018\/03\/SWAN-Plakat-07.jpg?resize=768%2C509&amp;ssl=1 768w, https:\/\/i2.wp.com\/dariahalak.com\/wp-content\/uploads\/2018\/03\/SWAN-Plakat-07.jpg?resize=1024%2C678&amp;ssl=1 1024w, https:\/\/i2.wp.com\/dariahalak.com\/wp-content\/uploads\/2018\/03\/SWAN-Plakat-07.jpg?resize=700%2C464&amp;ssl=1 700w, https:\/\/i2.wp.com\/dariahalak.com\/wp-content\/uploads\/2018\/03\/SWAN-Plakat-07.jpg?w=2120&amp;ssl=1 2120w\" sizes=\"(max-width: 1060px) 100vw, 1060px\" \/><\/span><\/a><span class='text_holder'><span class='text_outer'><span class='text_inner'><div class=\"hover_feature_holder_title\"><div class=\"hover_feature_holder_title_inner\"><h3 itemprop=\"name\" class=\"portfolio_title entry_title\"><a itemprop=\"url\" href=\"https:\/\/dariahalak.com\/index.php\/portfolio_page\/see-the-extraordinary-2018\/\" style=\"color: #ffffff\" target=\"_self\">Ballet Dancer<\/a><\/h3><span class=\"project_category\" style=\"color: #ffffff\">Art Photography<\/span><\/div><\/div><span class='feature_holder'><\/span><\/span><\/span><\/span><\/div><\/article>\n<article class='mix portfolio_category_6 ' style=''><div class='image_holder'><a itemprop='url' class='portfolio_link_for_touch' href='https:\/\/dariahalak.com\/index.php\/portfolio_page\/photography-is-sunrise-2018\/' target='_self'><span class='image'><img loading=\"lazy\" decoding=\"async\" width=\"938\" height=\"625\" src=\"https:\/\/i0.wp.com\/dariahalak.com\/wp-content\/uploads\/2019\/10\/2dd5d586c03701a9121dd8d9f44f793beb0ca8fe-1.jpeg?fit=938%2C625&amp;ssl=1\" class=\"attachment-full size-full wp-post-image\" alt=\"\" srcset=\"https:\/\/i0.wp.com\/dariahalak.com\/wp-content\/uploads\/2019\/10\/2dd5d586c03701a9121dd8d9f44f793beb0ca8fe-1.jpeg?w=938&amp;ssl=1 938w, https:\/\/i0.wp.com\/dariahalak.com\/wp-content\/uploads\/2019\/10\/2dd5d586c03701a9121dd8d9f44f793beb0ca8fe-1.jpeg?resize=300%2C200&amp;ssl=1 300w, https:\/\/i0.wp.com\/dariahalak.com\/wp-content\/uploads\/2019\/10\/2dd5d586c03701a9121dd8d9f44f793beb0ca8fe-1.jpeg?resize=768%2C512&amp;ssl=1 768w, https:\/\/i0.wp.com\/dariahalak.com\/wp-content\/uploads\/2019\/10\/2dd5d586c03701a9121dd8d9f44f793beb0ca8fe-1.jpeg?resize=700%2C466&amp;ssl=1 700w\" sizes=\"(max-width: 938px) 100vw, 938px\" \/><\/span><\/a><span class='text_holder'><span class='text_outer'><span class='text_inner'><div class=\"hover_feature_holder_title\"><div class=\"hover_feature_holder_title_inner\"><h3 itemprop=\"name\" class=\"portfolio_title entry_title\"><a itemprop=\"url\" href=\"https:\/\/dariahalak.com\/index.php\/portfolio_page\/photography-is-sunrise-2018\/\" style=\"color: #ffffff\" target=\"_self\">National Geographic \/ Maroko z bliska<\/a><\/h3><span class=\"project_category\" style=\"color: #ffffff\">Documentary Photography<\/span><\/div><\/div><span class='feature_holder'><\/span><\/span><\/span><\/span><\/div><\/article>\n<article class='mix portfolio_category_2 ' style=''><div class='image_holder'><a itemprop='url' class='portfolio_link_for_touch' href='https:\/\/dariahalak.com\/index.php\/portfolio_page\/caught-on-film-2018\/' target='_self'><span class='image'><img loading=\"lazy\" decoding=\"async\" width=\"1300\" height=\"939\" src=\"https:\/\/i0.wp.com\/dariahalak.com\/wp-content\/uploads\/2018\/03\/portfolio-3.jpg?fit=1300%2C939&amp;ssl=1\" class=\"attachment-full size-full wp-post-image\" alt=\"m\" srcset=\"https:\/\/i0.wp.com\/dariahalak.com\/wp-content\/uploads\/2018\/03\/portfolio-3.jpg?w=1300&amp;ssl=1 1300w, https:\/\/i0.wp.com\/dariahalak.com\/wp-content\/uploads\/2018\/03\/portfolio-3.jpg?resize=300%2C217&amp;ssl=1 300w, https:\/\/i0.wp.com\/dariahalak.com\/wp-content\/uploads\/2018\/03\/portfolio-3.jpg?resize=768%2C555&amp;ssl=1 768w, https:\/\/i0.wp.com\/dariahalak.com\/wp-content\/uploads\/2018\/03\/portfolio-3.jpg?resize=1024%2C740&amp;ssl=1 1024w, https:\/\/i0.wp.com\/dariahalak.com\/wp-content\/uploads\/2018\/03\/portfolio-3.jpg?resize=700%2C506&amp;ssl=1 700w\" sizes=\"(max-width: 1060px) 100vw, 1060px\" \/><\/span><\/a><span class='text_holder'><span class='text_outer'><span class='text_inner'><div class=\"hover_feature_holder_title\"><div class=\"hover_feature_holder_title_inner\"><h3 itemprop=\"name\" class=\"portfolio_title entry_title\"><a itemprop=\"url\" href=\"https:\/\/dariahalak.com\/index.php\/portfolio_page\/caught-on-film-2018\/\" style=\"color: #ffffff\" target=\"_self\">Dance with Nature<\/a><\/h3><span class=\"project_category\" style=\"color: #ffffff\">Art Photography<\/span><\/div><\/div><span class='feature_holder'><\/span><\/span><\/span><\/span><\/div><\/article>\n<article class='mix portfolio_category_2 ' style=''><div class='image_holder'><a itemprop='url' class='portfolio_link_for_touch' href='https:\/\/dariahalak.com\/index.php\/portfolio_page\/my-name-is-red\/' target='_self'><span class='image'><img loading=\"lazy\" decoding=\"async\" width=\"1300\" height=\"939\" src=\"https:\/\/i2.wp.com\/dariahalak.com\/wp-content\/uploads\/2019\/05\/tu.jpg?fit=1300%2C939&amp;ssl=1\" class=\"attachment-full size-full wp-post-image\" alt=\"\" srcset=\"https:\/\/i2.wp.com\/dariahalak.com\/wp-content\/uploads\/2019\/05\/tu.jpg?w=1300&amp;ssl=1 1300w, https:\/\/i2.wp.com\/dariahalak.com\/wp-content\/uploads\/2019\/05\/tu.jpg?resize=300%2C217&amp;ssl=1 300w, https:\/\/i2.wp.com\/dariahalak.com\/wp-content\/uploads\/2019\/05\/tu.jpg?resize=768%2C555&amp;ssl=1 768w, https:\/\/i2.wp.com\/dariahalak.com\/wp-content\/uploads\/2019\/05\/tu.jpg?resize=1024%2C740&amp;ssl=1 1024w, https:\/\/i2.wp.com\/dariahalak.com\/wp-content\/uploads\/2019\/05\/tu.jpg?resize=700%2C506&amp;ssl=1 700w\" sizes=\"(max-width: 1060px) 100vw, 1060px\" \/><\/span><\/a><span class='text_holder'><span class='text_outer'><span class='text_inner'><div class=\"hover_feature_holder_title\"><div class=\"hover_feature_holder_title_inner\"><h3 itemprop=\"name\" class=\"portfolio_title entry_title\"><a itemprop=\"url\" href=\"https:\/\/dariahalak.com\/index.php\/portfolio_page\/my-name-is-red\/\" style=\"color: #ffffff\" target=\"_self\">My name is Red<\/a><\/h3><span class=\"project_category\" style=\"color: #ffffff\">Art Photography<\/span><\/div><\/div><span class='feature_holder'><\/span><\/span><\/span><\/span><\/div><\/article>\n<article class='mix portfolio_category_2 portfolio_category_5 ' style=''><div class='image_holder'><a itemprop='url' class='portfolio_link_for_touch' href='https:\/\/dariahalak.com\/index.php\/portfolio_page\/creation-of-reality-2018\/' target='_self'><span class='image'><img loading=\"lazy\" decoding=\"async\" width=\"1300\" height=\"939\" src=\"https:\/\/i0.wp.com\/dariahalak.com\/wp-content\/uploads\/2019\/10\/ui.jpg?fit=1300%2C939&amp;ssl=1\" class=\"attachment-full size-full wp-post-image\" alt=\"\" srcset=\"https:\/\/i0.wp.com\/dariahalak.com\/wp-content\/uploads\/2019\/10\/ui.jpg?w=1300&amp;ssl=1 1300w, https:\/\/i0.wp.com\/dariahalak.com\/wp-content\/uploads\/2019\/10\/ui.jpg?resize=300%2C217&amp;ssl=1 300w, https:\/\/i0.wp.com\/dariahalak.com\/wp-content\/uploads\/2019\/10\/ui.jpg?resize=768%2C555&amp;ssl=1 768w, https:\/\/i0.wp.com\/dariahalak.com\/wp-content\/uploads\/2019\/10\/ui.jpg?resize=1024%2C740&amp;ssl=1 1024w, https:\/\/i0.wp.com\/dariahalak.com\/wp-content\/uploads\/2019\/10\/ui.jpg?resize=700%2C506&amp;ssl=1 700w\" sizes=\"(max-width: 1060px) 100vw, 1060px\" \/><\/span><\/a><span class='text_holder'><span class='text_outer'><span class='text_inner'><div class=\"hover_feature_holder_title\"><div class=\"hover_feature_holder_title_inner\"><h3 itemprop=\"name\" class=\"portfolio_title entry_title\"><a itemprop=\"url\" href=\"https:\/\/dariahalak.com\/index.php\/portfolio_page\/creation-of-reality-2018\/\" style=\"color: #ffffff\" target=\"_self\">Vogue \/ Creation Of Reality<\/a><\/h3><span class=\"project_category\" style=\"color: #ffffff\">Art Photography, Commercial Photographies<\/span><\/div><\/div><span class='feature_holder'><\/span><\/span><\/span><\/span><\/div><\/article>\n<article class='mix portfolio_category_2 ' style=''><div class='image_holder'><a itemprop='url' class='portfolio_link_for_touch' href='https:\/\/dariahalak.com\/index.php\/portfolio_page\/medium-of-expression-2018\/' target='_self'><span class='image'><img loading=\"lazy\" decoding=\"async\" width=\"1300\" height=\"939\" src=\"https:\/\/i1.wp.com\/dariahalak.com\/wp-content\/uploads\/2018\/03\/strona7.jpg?fit=1300%2C939&amp;ssl=1\" class=\"attachment-full size-full wp-post-image\" alt=\"\" srcset=\"https:\/\/i1.wp.com\/dariahalak.com\/wp-content\/uploads\/2018\/03\/strona7.jpg?w=1300&amp;ssl=1 1300w, https:\/\/i1.wp.com\/dariahalak.com\/wp-content\/uploads\/2018\/03\/strona7.jpg?resize=300%2C217&amp;ssl=1 300w, https:\/\/i1.wp.com\/dariahalak.com\/wp-content\/uploads\/2018\/03\/strona7.jpg?resize=768%2C555&amp;ssl=1 768w, https:\/\/i1.wp.com\/dariahalak.com\/wp-content\/uploads\/2018\/03\/strona7.jpg?resize=1024%2C740&amp;ssl=1 1024w, https:\/\/i1.wp.com\/dariahalak.com\/wp-content\/uploads\/2018\/03\/strona7.jpg?resize=700%2C506&amp;ssl=1 700w\" sizes=\"(max-width: 1060px) 100vw, 1060px\" \/><\/span><\/a><span class='text_holder'><span class='text_outer'><span class='text_inner'><div class=\"hover_feature_holder_title\"><div class=\"hover_feature_holder_title_inner\"><h3 itemprop=\"name\" class=\"portfolio_title entry_title\"><a itemprop=\"url\" href=\"https:\/\/dariahalak.com\/index.php\/portfolio_page\/medium-of-expression-2018\/\" style=\"color: #ffffff\" target=\"_self\">Angel of the City<\/a><\/h3><span class=\"project_category\" style=\"color: #ffffff\">Art Photography<\/span><\/div><\/div><span class='feature_holder'><\/span><\/span><\/span><\/span><\/div><\/article>\n<div class='filler'><\/div>\n<div class='filler'><\/div>\n<\/div><\/div>[\/vc_column][\/vc_row]<\/p>\n","protected":false},"excerpt":{"rendered":"<p>[vc_row css_animation=&#8221;&#8221; row_type=&#8221;row&#8221; use_row_as_full_screen_section=&#8221;no&#8221; type=&#8221;full_width&#8221; angled_section=&#8221;no&#8221; text_align=&#8221;left&#8221; background_image_as_pattern=&#8221;without_pattern&#8221;][vc_column][vc_gallery type=&#8221;nivo&#8221; interval=&#8221;3&#8243; images=&#8221;199,397,186&#8243; img_size=&#8221;full&#8221; onclick=&#8221;&#8221;][\/vc_column][\/vc_row][vc_row css_animation=&#8221;&#8221; row_type=&#8221;row&#8221; use_row_as_full_screen_section=&#8221;no&#8221; type=&#8221;full_width&#8221; angled_section=&#8221;no&#8221; text_align=&#8221;left&#8221; background_image_as_pattern=&#8221;without_pattern&#8221; padding_bottom=&#8221;127&#8243; css=&#8221;.vc_custom_1520861302876{background-color: #010101 !important;}&#8221; z_index=&#8221;&#8221;][vc_column offset=&#8221;vc_col-md-6&#8243;][qode_elements_holder number_of_columns=&#8221;one_column&#8221;][qode_elements_holder_item advanced_animations=&#8221;no&#8221; item_padding=&#8221;509px 188px 0 291px&#8221; item_padding_1280_1440=&#8221;296px 124px 0 129px&#8221; item_padding_1024_1280=&#8221;275px 124px 0 85px&#8221; item_padding_768_1024=&#8221;292px 0px 0 72px&#8221; item_padding_600_768=&#8221;93px&#8230;<\/p>\n","protected":false},"author":1,"featured_media":0,"parent":0,"menu_order":0,"comment_status":"closed","ping_status":"closed","template":"full_width.php","meta":{"spay_email":"","footnotes":""},"_links":{"self":[{"href":"https:\/\/dariahalak.com\/index.php\/wp-json\/wp\/v2\/pages\/7"}],"collection":[{"href":"https:\/\/dariahalak.com\/index.php\/wp-json\/wp\/v2\/pages"}],"about":[{"href":"https:\/\/dariahalak.com\/index.php\/wp-json\/wp\/v2\/types\/page"}],"author":[{"embeddable":true,"href":"https:\/\/dariahalak.com\/index.php\/wp-json\/wp\/v2\/users\/1"}],"replies":[{"embeddable":true,"href":"https:\/\/dariahalak.com\/index.php\/wp-json\/wp\/v2\/comments?post=7"}],"version-history":[{"count":72,"href":"https:\/\/dariahalak.com\/index.php\/wp-json\/wp\/v2\/pages\/7\/revisions"}],"predecessor-version":[{"id":591,"href":"https:\/\/dariahalak.com\/index.php\/wp-json\/wp\/v2\/pages\/7\/revisions\/591"}],"wp:attachment":[{"href":"https:\/\/dariahalak.com\/index.php\/wp-json\/wp\/v2\/media?parent=7"}],"curies":[{"name":"wp","href":"https:\/\/api.w.org\/{rel}","templated":true}]}}